{"id":72,"date":"2013-08-22T15:37:26","date_gmt":"2013-08-22T15:37:26","guid":{"rendered":"http:\/\/stiftung-stoye.org\/?page_id=72"},"modified":"2025-11-28T21:21:58","modified_gmt":"2025-11-28T21:21:58","slug":"veroeffentlichungen","status":"publish","type":"page","link":"https:\/\/stiftung-stoye.org\/?page_id=72","title":{"rendered":"Ver\u00f6ffentlichungen"},"content":{"rendered":"<p><strong>Band 87:<\/strong><br \/>\nK\u00fchne, Wilfried:<br \/>\nBuchdrucker, Buchbinder, Buchh\u00e4ndler und Verleger in Erfurt vom Ende des 15. Jahrhunderts bis ins 19. Jahrhundert. Bearbeitet und mit Anmerkungen und Registern versehen von Peter J\u00fcrgen Klippstein. Marburg\/Lahn 2025<br \/>\nISBN 978-3-937230-45-0. 174 S.<\/p>\n<p><strong>Band 86:<\/strong><br \/>\nKriependorf, G\u00fcnter:<br \/>\nDie B\u00fcrger der Stadt Taucha von 1803 bis 1921. Marburg\/Lahn 2025<br \/>\nISBN 978-3-937230-44-3. 275 S.<\/p>\n<p><strong>Band 85:<\/strong><br \/>Kriependorf, G\u00fcnter:<br \/>Die Meisterb\u00fccher und das Gesellenbuch der Strumpfwirkerinnung in Apolda von 1714 bis 1862. Marburg\/Lahn 2024<br \/>ISBN 978-3-937230-43-6. 336 S.<\/p>\n<p><strong>Band 84:<\/strong><br \/>Kriependorf, G\u00fcnter:<br \/>Die B\u00fcrger der Stadt Buttelstedt von 1705 bis 1918. Marburg\/Lahn 2024<br \/>ISBN 978-3-937230-42-9. 317 S.<\/p>\n<p><strong>Band 83:<\/strong><br \/>Kriependorf, G\u00fcnter:<br \/>Die Lebensl\u00e4ufe von Pfarrern und Lehrern im Herzogtum Sachsen-Weimar aus den Jahren 1650 und 1662 mit einem Anhang. Marburg\/Lahn 2024<br \/>ISBN 978-3-937230-41-2. 231 S.<\/p>\n<p><strong>Band 82<\/strong><br \/>Kirchschlager, Andrea:<br \/>B\u00fcrgerbuch der Stadt Arnstadt 1797 \u2013 1850. Marburg\/Lahn 2023<br \/>ISBN 978\u20113\u2011937230\u201140\u20115. 569 S.<\/p>\n<p><strong>Band 81<\/strong><br \/>Kriependorf, G\u00fcnter:<br \/>Die B\u00fcrger der Stadt Apolda von 1572 bis 1919.<br \/>(Die B\u00fcrger von 1870 bis 1919). Marburg\/Lahn 2023<br \/>ISBN 978-3-937230-39-9. 613 S. (S. 609-1221)<\/p>\n<p><strong>Band 80<\/strong><br \/>Kriependorf, G\u00fcnter:<br \/>Die B\u00fcrger der Stadt Apolda von 1572 bis 1919.<br \/>(Die B\u00fcrger von 1572 bis 1869). Marburg\/Lahn 2023<br \/>ISBN 978-3-937230-39-9. 607 S. (S. 1-607)<\/p>\n<p><strong>Band 79<\/strong><br \/>Hubrich, Edgar \/ Hubrich, Nadin:<br \/>Personen- und Ortsregister zum Pfarrerbuch der Kirchenprovinz Sachsen, Personenregister P \u2013 Z, Ortsregister.<br \/>Marburg\/Lahn 2022.<br \/>ISBN 978-3-937230-38-2. 929 S.<\/p>\n<p><strong>Band 78<\/strong><br \/>Hubrich, Edgar \/ Hubrich, Nadin:<br \/>Personen- und Ortsregister zum Pfarrerbuch der Kirchenprovinz Sachsen, Personenregister A \u2013 O.<br \/>Marburg\/Lahn 2022.<br \/>ISBN 978-3-937230-38-2. 907 S.<\/p>\n<p><strong>Band 77<\/strong><br \/>Jaschke, Lore Christine \/ K\u00f6hler, Wilfried \/ Weidenbruch, Karlheinz:<br \/>Spezifikation der im Amt Altenburg befindlichen Untertanen unter 50 Jahren im Jahre 1733. Marburg\/Lahn 2021.<br \/>ISBN 978\u20113\u2011937230\u201137\u20115. 441 S.<\/p>\n<p><strong>Band 76<\/strong><br \/>Kirchner, Christian:<br \/>Das Seelenregister der ev.-luth, Kirchgemeinde St. Margarethen zu Gotha 1710 bis 1731. Marburg\/Lahn 2020.<br \/>ISBN 978\u20113\u2011937230\u201136\u20118. 365 S.<\/p>\n<p><b>Band 75<\/b><br \/>Marx, Axel:<br \/>Schulmeister im Weimarer Land von der Mitte des 16. Jahrhunderts bis zum Anfang des 20. Jahrhunderts, N \u2013 Z. Marburg\/Lahn 2020.<br \/>ISBN 978\u20113\u2011937230\u201135\u20111. 487 S.<\/p>\n<p><b>Band 74<\/b><br \/>Marx, Axel:<br \/>Schulmeister im Weimarer Land von der Mitte des 16. Jahrhunderts bis zum Anfang des 20. Jahrhunderts, A \u2013 M. Marburg\/Lahn 2020.<br \/>ISBN 978\u20113\u2011937230\u201135\u20111. 533 S.<\/p>\n<p><strong>Band 73<\/strong><br \/>Kirchschlager, Andrea:<br \/>B\u00fcrgerbuch der Stadt Arnstadt 1753 &#8211; 1797. Marburg\/Lahn 2019.<br \/>ISBN 978\u20113\u2011937230\u201134\u20114. 463 S.<\/p>\n<p><b>Band 72<\/b><br \/>Dominicus, Rolf-Dieter:<br \/>Historische Geschlechter in und um Erfurt 1100 \u2013 1800. Marburg\/Lahn 2019.<br \/>ISBN 978-3937230-33-7. 291 S.<\/p>\n<p><b>Band 71<\/b><br \/>Jaschke, Lore Christine \/ K\u00f6hler, Wilfried \/ Weidenbruch, Karlheinz:<br \/>Die Musterungslisten des Herzogtums Sachsen-Altenburg 1857 \u2013 1866. Marburg\/Lahn 2018.<br \/>ISBN 978-3937230-32-0. 566 S.<\/p>\n<p><b>Band 70<\/b><br \/>Jaschke, Lore Christine \/ K\u00f6hler, Wilfried \/ Weidenbruch, Karlheinz:<br \/>Die Musterungslisten des Herzogtums Sachsen-Altenburg 1848 \u2013 1856. Marburg\/Lahn 2018.<br \/>ISBN 978-3937230-32-0. 546 S.<\/p>\n<p><strong>Band 69<\/strong><br \/>Jaschke, Lore Christine \/ K\u00f6hler, Wilfried \/ Piehler, Wilfried \/ Weidenbruch, Karlheinz:<br \/>Die Musterungslisten des Herzogtums Sachsen-Altenburg 1835 \u2013 1847. Marburg\/Lahn 2017.<br \/>ISBN 978-3937230-30-6. 682 S.<\/p>\n<p><strong>Band 68<\/strong><br \/>Jaschke, Lore Christine \/ K\u00f6hler, Wilfried \/ Piehler, Wilfried \/ Weidenbruch, Karlheinz:<br \/>Die Musterungslisten des Herzogtums Sachsen-Altenburg 1819 \u2013 1833. Marburg\/Lahn 2017.<br \/>ISBN 978-3937230-30-6. 646 S.<\/p>\n<p><strong>Band 67<\/strong><br \/>Smidt, Wolbert G. F.:<br \/>Rechtsdokumente des K\u00fcchmeister- und Lietzo\u2019schen Familienstipendiums seit 1359. Ein Urkunden- und Quellenbuch. Marburg\/Lahn 2017.<br \/>ISBN 978-3937230-31-3. 316 S.<\/p>\n<p><strong>Band 66<\/strong><br \/>Steinecke, Jochen:<br \/>Die Untertanen des Amtes Heringen\/Helme in der Fr\u00fchen Neuzeit. Die Amtsuntertanen in der Stadt Heringen und in den Amtsd\u00f6rfern Auleben, Bielen, G\u00f6rsbach, Hain, Hamma, Leimbach, Steinbr\u00fccken, Sundhausen, Uthleben und Windehausen vom 16. bis ins 18.\/19. Jahrhundert. M &#8211; Z. Marburg\/Lahn 2017.<br \/>ISBN 978-937230-29-0. 661 S.<\/p>\n<p><strong>Band 65<\/strong><br \/>Steinecke, Jochen:<br \/>Die Untertanen des Amtes Heringen\/Helme in der Fr\u00fchen Neuzeit. Die Amtsuntertanen in der Stadt Heringen und in den Amtsd\u00f6rfern Auleben, Bielen, G\u00f6rsbach, Hain, Hamma, Leimbach, Steinbr\u00fccken, Sundhausen, Uthleben und Windehausen vom 16. bis ins 18.\/19. Jahrhundert. A &#8211; L. Marburg\/Lahn 2017.<br \/>ISBN 978-937230-29-0. 688 S.<\/p>\n<p><strong>Band 64<\/strong><br \/>Marx, Axel:<br \/>M\u00fcllerfamilien im Weimarer Land von der Mitte des 16. Jahrhunderts bis zum Ende des 19. Jahrhunderts. Marburg\/Lahn 2017.<br \/>ISBN 978-937230-28-3. 246 S.<\/p>\n<p><strong>Band 63<\/strong><br \/>Schulz, Ingo:<br \/>Bauern in der Magdeburger B\u00f6rde: Forschungen zur Sozial- und Wirtschaftsgeschichte am Beispiel der Familie Freytag. Marburg\/Lahn 2016.<br \/>ISBN-10: 3937230270<br \/>ISBN 13: 978-3937230276. 704 S.<\/p>\n<p><strong>Band 62<\/strong><br \/>Marx, Axel:<br \/>Sch\u00e4fer und Hirten im Weimarer Land von der Mitte des 16. Jahrhunderts bis zum Ende des 19. Jahrhunderts. Marburg\/Lahn 2016.<br \/>ISBN 978\u20113\u2011937230\u201126\u20119. 517 S.<\/p>\n<p><strong>Band 61<\/strong><br \/>Kirchschlager, Andrea:<br \/>B\u00fcrgerbuch der Stadt Arnstadt 1700 &#8211; 1753. Marburg\/Lahn 2016.<br \/>ISBN 978\u20113\u2011937230\u201125\u20112. 528 S.<\/p>\n<p><strong>Band 60<\/strong><br \/>K\u00f6hler, Wilfried \/ Weidenbruch, Karlheinz:<br \/>Die Kartei Nerlich zum Altenburger Land 1550 &#8211; 1570. Fortf\u00fchrung des Bandes 56.<br \/>Marburg\/Lahn 2014.<br \/>ISBN 978-3937230-24-5. 389 S.<\/p>\n<p><strong>Band 59<\/strong><br \/>Wauer, Karlheinz:<br \/>H\u00e4userbuch der Stadt Quedlinburg von der Mitte des 16. Jahrhunderts bis zum Jahre 1950: C Das Stiftsgebiet, D Die Stadterweiterungen 1820-1950, Erg\u00e4nzungen zu A Die Altstadt (Bd. 57), E Anhang zu den Teilen A \u2013 D. Marburg\/Lahn 2014.<br \/>ISBN 978-3-937230-23-8. 499 S.<\/p>\n<p><strong>Band 58<\/strong><br \/>Wauer, Karlheinz:<br \/>H\u00e4userbuch der Stadt Quedlinburg von der Mitte des 16. Jahrhunderts bis zum Jahre 1950: B Die Neustadt. Marburg\/Lahn 2014.<br \/>ISBN 978-3-937230-22-1. 553 S.<\/p>\n<p><strong>Band 57<\/strong><br \/>Wauer, Karlheinz:<br \/>H\u00e4userbuch der Stadt Quedlinburg von der Mitte des 16. Jahrhunderts bis zum Jahre 1950: A Die Altstadt. Marburg\/Lahn 2014.<br \/>ISBN 978-3-937230-21-04. 800 S.<\/p>\n<p><strong>Band 56<\/strong><br \/>K\u00f6hler, Wilfried:<br \/>Die Kartei Nerlich zum Altenburger Land 1418 &#8211; 1549. Marburg\/Lahn 2012.<br \/>ISBN 978-3-937230-20-7. 445 S.<\/p>\n<p><strong>Band 55<\/strong><br \/>Metzke, Hermann:<br \/>Gedanken zur Genealogie. Ausgew\u00e4hlte Publikationen und Vortr\u00e4ge 1982 \u2013 2010 mit einem Geleitwort von Eckart Henning. Marburg\/Lahn 2012.<br \/>ISBN 978-3-937230-19-1. 330 S.<\/p>\n<p><a href=\"\/download\/Band54.pdf\"><strong>Band 54<\/strong><\/a><br \/>K\u00fcnzel Silke \/ Steinecke, Jochen:<br \/>B\u00fcrger und Neub\u00fcrger von Wei\u00dfenfels bis 1913. Marburg\/Lahn 2012.<br \/>ISBN 978\u20113 937230-18-4. 599 S.<\/p>\n<p><strong><a href=\"https:\/\/stiftung-stoye.org\/wp-content\/uploads\/2022\/03\/53-BB-Arnstadt.pdf\" target=\"_blank\" rel=\"noopener\">Band 53<\/a><\/strong><br \/>Kirchschlager, Andrea:<br \/>B\u00fcrgerbuch der Stadt Arnstadt 1566 &#8211; 1699. Marburg\/Lahn 2011.<br \/>ISBN 978\u20113\u2011937230\u201117\u20117. 654 S.<\/p>\n<p><strong>Band 52<\/strong><br \/>Giesche, Aribert:<br \/>H\u00e4userbuch der Altstadt K\u00f6penick. Besitz- und Baugeschichte der Grundst\u00fccke eines Berliner Ortsteiles vom 17. bis 19. Jahrhundert. Mit bev\u00f6lkerungsgeschichtlichem Quellenteil. Marburg\/Lahn 2010.<br \/>ISBN 978-3\u2011937230\u201116-0. 288 S.<\/p>\n<p><a href=\"\/download\/Band51.pdf\"><strong>Band 51<\/strong><\/a><br \/>Engelmann, Annemarie:<br \/>Das Eidbuch der Stadt Borna 1636 \u2013 1840. Mehr als ein B\u00fcrgerbuch. Marburg\/Lahn 2009.<br \/>ISBN 978-3\u2011937230\u201115-3. 512 S.<\/p>\n<p><a href=\"\/download\/Band50.pdf\"><strong>Band 50<\/strong><\/a><br \/>Berthold, R\u00fcdiger:<br \/>Regesten zu den Erbschichtungen und Testamenten Leisniger B\u00fcrger aus den B\u00e4nden der Stadtgerichte Leisnig mit genealogischen Ableitungen. Teil II: L bis Z. Marburg\/Lahn 2008.<br \/>ISBN 978-3\u2011937230\u201114-6. 388 S<\/p>\n<p><a href=\"\/download\/Band49.pdf\"><strong>Band 49<\/strong><\/a><br \/>Seider, Frank-J\u00fcrgen:<br \/>H\u00e4userbuch der Stadt Teltow. Besitz- und Baugeschichte der Altstadtgrundst\u00fccke. Marburg\/Lahn 2008.<br \/>ISBN 978-3\u2011937230\u201113-9. 196 S.<\/p>\n<p><a href=\"\/download\/Band48.pdf\"><strong>Band 48<\/strong><\/a><br \/>Berthold, R\u00fcdiger:<br \/>Regesten zu den Erbschichtungen und Testamenten Leisniger B\u00fcrger aus den B\u00e4nden der Stadtgerichte Leisnig mit genealogischen Ableitungen. Teil I: A bis K. Marburg\/Lahn 2008.<br \/>ISBN 978-3\u2011937230\u201112-2. 444 S.<\/p>\n<p><a href=\"\/download\/Band47.pdf\"><strong>Band 47<\/strong><\/a><br \/>Berger, Thomas:<br \/>Ahnenliste Berger. Ein Geschlecht aus dem Verwandtschaftskreis des Rudolf Stoye. Marburg\/Lahn 2008.<br \/>ISBN 978-3\u2011937230\u201112-2. 524 S.<\/p>\n<p><a href=\"\/download\/Band46.pdf\"><strong>Band 46<\/strong><\/a><br \/>Becher, Wolfgang \/ K\u00f6hler, Wilfried \/ Prechtl, Gabriele \/ Theil, Siegmar:<br \/>Die B\u00fcrgerb\u00fccher der Stadt Altenburg in Th\u00fcringen 1700 \u2013 1838. Marburg\/Lahn 2008.<br \/>ISBN 978-3\u2011937230\u201110-8. 380 S.<\/p>\n<p><a href=\"\/download\/Band45.pdf\"><strong>Band 45<\/strong><\/a><br \/>Heinzig, Frank \/ K\u00f6hler, Wilfried \/ Mattis, Heidemarie:<br \/>Die B\u00fcrgerb\u00fccher der Stadt Altenburg in Th\u00fcringen 1512 \u2013 1700. Marburg\/Lahn 2008.<br \/>ISBN 978-3\u2011937230\u201109-2. 280 S.<\/p>\n<p><a href=\"\/download\/Band44.pdf\"><strong>Band 44<\/strong><\/a><br \/>Heegewaldt, Werner:<br \/>Das Uckerm\u00e4rkische Archiv von Hans Wendt. Ein Findbuch zum Nachlass Wendt im Brandenburgischen Landeshauptarchiv. Marburg\/Lahn 2007.<br \/>ISBN 978\u20113\u2011937230\u201108-5. 123 S.<\/p>\n<p><a href=\"\/download\/Band43.pdf\"><strong>Band 43<\/strong><\/a><br \/>Maschke, Alfred:<br \/>Die Einwohnerz\u00e4hlung im Amt Altenburg im Jahre 1580. Bearbeitet von Karlheinz Weidenbruch. Marburg\/Lahn 2007.<br \/>ISBN 978-3\u2011937230\u201107-8. 323 S.<\/p>\n<p><a href=\"\/download\/Band42.pdf\"><strong>Band 42<\/strong><\/a><br \/>Stoye, Rudolf \/ Stoye, Arno \/ Auffarth, Hermann:<br \/>Genealogische Nachl\u00e4sse. Bearbeitet von Jochen Steinecke. Marburg\/Lahn 2006.<br \/>ISBN 978-3\u2011937230\u201106-8. 348 S.<\/p>\n<p><a href=\"\/download\/Band41.pdf\"><strong>Band 41<\/strong><\/a><br \/>Ruhland, Wilhelm \/ Riehm, Herta:<br \/>H\u00e4userbuch der Stadt Altenburg in Th\u00fcringen 1450 \u2013 1865. Die Vorst\u00e4dte. Bearbeitet von Karlheinz Weidenbruch. Marburg\/Lahn 2005.<br \/>ISBN 3\u2011937230\u201104-1. 312 S.<\/p>\n<p><a href=\"\/download\/Band40.pdf\"><strong>Band 40<\/strong><\/a><br \/>Ruhland, Wilhelm \/ Riehm, Herta:<br \/>H\u00e4userbuch der Stadt Altenburg in Th\u00fcringen 1450 \u2013 1865. Die Innenstadt. Bearbeitet von Karlheinz Weidenbruch. Marburg\/Lahn 2005.<br \/>ISBN 3\u2011937230\u201103-3. 503 S.<\/p>\n<p><strong>Band 39<\/strong><br \/>Berthold, R\u00fcdiger:<br \/>Genealogische Quellen zur Stadt Leisnig in Sachsen. Marburg\/Lahn 2004.<br \/>ISBN 3\u2011937230\u201102-5. 496 S.<\/p>\n<p><strong>Band 38<\/strong><br \/>Bauer, Martin:<br \/>B\u00fcrgerbuch der Stadt Erfurt 1761 \u2013 1833. Marburg\/Lahn 2003.<br \/>ISBN 3\u2011937230\u201101\u20117. 404 S.<\/p>\n<p><strong>Band 37<\/strong><br \/>Bauer, Martin:<br \/>B\u00fcrgerbuch der Stadt Erfurt 1670 \u2013 1760. Marburg\/Lahn 2003.<br \/>ISBN 3\u2011937230\u201100\u20119. 536 S.<\/p>\n<p><strong>Band 36<\/strong><br \/>Bahl, Peter:<br \/>Die B\u00fcrgerrolle der Stadt Teltow bei Berlin 1500 \u2013 1888. Neustadt\/Aisch 2000.<br \/>ISBN 3\u20117686\u20114208-9. 170 S.<\/p>\n<p><strong>Band 35<\/strong><br \/>M\u00f6ller, Bernhard et al.:<br \/>Th\u00fcringer Pfarrerbuch. Band 3: Gro\u00dfherzogtum Sachsen(-Weimar- Eisenach) \u2013 Landesteil Eisenach. Neustadt\/Aisch 2000.<br \/>ISBN 3\u20117686\u20114205-4. 527 S.<\/p>\n<p><strong>Band 34<\/strong><br \/>Billig, Wolfgang:<br \/>Familien in den F\u00fcrstent\u00fcmern Stolberg, Hohnstein, Schwarzburg, Brandenburg und Sachsen vom 15. bis 18. Jahrhundert. Neustadt\/Aisch 1999.<br \/>ISBN 3\u20117686\u20114200-3. 132 S.<\/p>\n<p><strong>Band 33<\/strong><br \/>Wilde, Manfred:<br \/>H\u00e4userbuch der Stadt Wolfen, Krs. Bitterfeld 1550 \u2013 1990. Neustadt\/Aisch 1999.<br \/>ISBN 3\u20117686\u20114198-8. 394 S.<\/p>\n<p><strong>Band 32<\/strong><br \/>Alpermann, Gerd:<br \/>D\u00f6rfer des Domkapitels Brandenburg. H\u00f6fe und Familien in Barnewitz und Marzahne (Westhavelland), Pl\u00f6tzin, Krs. Potsdam, und Schmerzke, Krs. Brandenburg seit 1520. Neustadt\/Aisch 1999.<br \/>ISBN 3\u20117686\u20114193-7. 401 S.<\/p>\n<p><strong>Band 31<\/strong><br \/>Mocker, Heinz:<br \/>Register der B\u00fcrgeraufnahmen der Stadt Plauen im Vogtland 1654 bis 1770. Neustadt\/Aisch 1998.<br \/>ISBN 3\u20117686\u20114182-1. 180 S.<\/p>\n<p><strong>Band 30<\/strong><br \/>Bauer, Martin:<br \/>Erfurter Personalschriften 1540 \u2013 1800. Beitr\u00e4ge zur Familien- und Landesgeschichte Mitteldeutschlands. Neustadt\/Aisch 1998.<br \/>ISBN 3\u20117686\u20114151-1. 618 S.<\/p>\n<p><strong>Band 29<\/strong><br \/>M\u00f6ller, Bernhard et al.:<br \/>Th\u00fcringer Pfarrenbuch. Band 2: F\u00fcrstentum Schwarzburg \u2013 Sondershausen. Neustadt\/Aisch 1997.<br \/>ISBN 3\u20117686\u20114148-1. 460 S.<\/p>\n<p><strong>Band 28<\/strong><br \/>Alpermann, Gerd:<br \/>H\u00f6fe und Familien in Garlitz und M\u00fctzlitz (Westhavelland) 1543 \u2013 1945. Neustadt\/Aisch 1997.<br \/>ISBN 3\u20117686\u20114147-3. 280 S.<\/p>\n<p><strong>Band 27<\/strong><br \/>Wei\u00df, Volkmar:<br \/>M\u00fcller und M\u00fcllers\u00f6hne im s\u00e4chsischen Erzgebirge und Vogtland in den T\u00e4lern und Nebent\u00e4lern der Zwickauer Mulde, Zschopau und Wei\u00dfen Elster (1540 \u2013 1721). Neustadt\/Aisch 1996.<br \/>ISBN 3\u20117686\u20114146-5. 660 S<\/p>\n<p><strong>Band 26<\/strong><br \/>M\u00f6ller, Bernhard et al.:<br \/>Th\u00fcringer Pfarrerbuch. Band 1: Herzogtum Gotha. Neustadt\/Aisch 1995.<br \/>ISBN 3\u20117686\u20114143-0. 784 S.<\/p>\n<p><strong>Band 25<\/strong><br \/>Wilde, Manfred:<br \/>Das H\u00e4userbuch Delitzsch. II. Teil: Die Neustadt, Vorst\u00e4dte und M\u00fchlen. Neustadt\/Aisch 1994.<br \/>ISBN 3\u20117686\u20114139-2. 347 S.<\/p>\n<p><strong>Band 24<\/strong><br \/>Wilde, Manfred:<br \/>Das H\u00e4userbuch Delitzsch. I. Teil: Die Altstadt. Neustadt\/Aisch 1993.<br \/>ISBN 3\u20117686\u20114135-X. 417 S.<\/p>\n<p><strong>Band 23<\/strong><br \/>Pohl, Joachim:<br \/>Der B\u00fcrger- und Einwohnerkataster der Stadt Spandau von 1723. Neustadt\/Aisch 1993.<br \/>ISBN 3\u20117686\u20114134-7. 375 S.<\/p>\n<p><strong>Band 22<\/strong><br \/>Bauer, Martin:<br \/>Evangelische Theologen in und um Erfurt im 16. bis 18. Jahrhundert. Beitr\u00e4ge zur Personen- und Familiengeschichte Th\u00fcringens. Neustadt\/Aisch 1992.<br \/>ISBN 3\u20117686\u20114129-5. 399 S.<\/p>\n<p><strong>Band 20\/21<\/strong><br \/>Alpermann, Gerd:<br \/>Die Einwohnerschaft der Stadt Nauen und ihrer Garnison bis zur Mitte des 19. Jahrhunderts, 2 Teilbde. Neustadt\/Aisch 1991.<br \/>ISBN 3-7686-4127-9. zus. 819 S.<\/p>\n<p><strong>Band 19<\/strong><br \/>Bauer, Martin:<br \/>Erfurter Ratsherren und ihre Familien im 17. Jahrhundert. Neustadt\/Aisch 1989.<br \/>ISBN 3-7686-4123-6. 162 S.<\/p>\n<p><strong>Band 17\/18<\/strong><br \/>G\u00fcndel, Johannes:.<br \/>Stangengr\u00fcn. Genealogische Entwicklung einer Bauerngemeinde im Kreis Zwickau\/Sachsen 1460 \u2013 1800. Neustadt\/Aisch 1988.<br \/>ISBN 3-7686-4117-1. 421 S.<\/p>\n<p><strong>Band 16<\/strong><br \/>Papsdorf, Detlef:<br \/>Otterwischer und Stockheimer Stammreihen und Leichenpredigten. Nach Johann Christian Fulda, Pfarrer in Otterwisch 1766 \u2013 1796. Neustadt\/Aisch 1987.<br \/>ISBN 3\u20117686-4116-3. 172 S.<\/p>\n<p><strong>Band 15<\/strong><br \/>Huschke, Wolfgang:<br \/>Die Ratslisten der Stadt Weimar von 1348 bis 1810. Neustadt\/Aisch 1986.<br \/>ISBN 3-7686-4114-7. 148 S.<\/p>\n<p><strong>Band 14<\/strong><br \/>Alpermann, Gerd:<br \/>Die Einwohner der Stadt Ketzin\/Osthavelland bis zur Mitte des 19. Jahrhunderts. Neustadt\/Aisch 1983.<br \/>ISBN 3-7686-4106-6. 356 S.<\/p>\n<p><strong>Band 13<\/strong><br \/>Feige, Georg:<br \/>Das Stift Zeitz \u2013 Naumburg und seine T\u00fcrken-, Defensions- und Landsteuerregister 1530 \u2013 1568\/9. Neustadt\/Aisch 1983.<br \/>ISBN 3 7686 4103 1. 147 S.<\/p>\n<p><strong>Band 12<\/strong><br \/>Huschke, Wolfgang:<br \/>Die Neub\u00fcrger der Stadt Weimar 1692 \u2013 1725. Neustadt\/Aisch 1983.<br \/>ISBN 3 7686 4100 7. 85 S.<\/p>\n<p><strong>Band 11<\/strong><br \/>Alpermann, Gerd:<br \/>H\u00f6fe und Familien in Tremmen (Westhavelland) 1529 \u2013 1945. Neustadt\/Aisch 1981.<br \/>ISBN 3-7686-4090-6. 185 S.<\/p>\n<p><strong>Band 10<\/strong><br \/>Huschke, Wolfgang:<br \/>Die Neub\u00fcrger der Stadt Weimar 1621 \u2013 1691. Neustadt\/Aisch 1980.<br \/>ISBN 3 7686 4087 6. 152 S.<\/p>\n<p><strong>Band 9<\/strong><br \/>Keil, Friedrich<br \/>B\u00fcrgerbuch der Stadt Wei\u00dfenfels von 1558 bis 1852. Neustadt\/Aisch 1978.<br \/>ISBN 3 7686 4080 9. 312 S.<\/p>\n<p><strong>Band 8<\/strong><br \/>Alpermann, Gerd:<br \/>H\u00f6fe und Familien in Zachow und Gutenpaaren (Westhavelland) 1538 \u2013 1945. Neustadt\/Aisch 1977.<br \/>ISBN 3 7686 4070 1. 176 S.<\/p>\n<p><strong>Band 7<\/strong><br \/>Schneider, Walther:<br \/>Die \u00e4ltesten Lehns- und Amtsb\u00fccher der Pfarrei Hohenleuben und der Ritterg\u00fcter Reichenfels und Hohenleuben aus den Jahren 1558 bis 1645. Neustadt\/Aisch 1976.<br \/>ISBN 3 7686 4027 2. 149 S.<\/p>\n<p><strong>Band 6<\/strong><br \/>L\u00fcpnitz, Herbert:<br \/>Auf den Spuren uckerm\u00e4rkischer Familien in Criewen. Neustadt\/Aisch 1975.<br \/>ISBN 3 7686 4023 9. 186 S.<\/p>\n<p><strong>Band 5<\/strong><br \/>H\u00e4nsgen, Ernst:<br \/>Langenroda Krs. Artern\/Unstrut. Aufzeichnungen aus dem verlorenen Kirchenbuch 1599 bis 1708. Neustadt\/Aisch 1974.<br \/>ISBN 3 7686 4008 6. 81 S.<\/p>\n<p><strong>Band 4<\/strong><br \/>Huschke, Wolfgang:<br \/>Die Neub\u00fcrger der Stadt Weimar 1520 \u2013 1620. Neustadt\/Aisch 1973.<br \/>ISBN 3 7686 4007 8. 203 S.<\/p>\n<p><strong>Band 3<\/strong><br \/>Schulz, Carl:<br \/>3000 Berliner Kolonisten und Kolonistens\u00f6hne 1686 bis 1812. Neustadt\/Aisch 1972.\u00a0 \u00a0 \u00a0 \u00a0 ISBN 3 7686 4000 3. 131 S.<\/p>\n<p><strong>Band 2<\/strong><br \/>Radestock, Hans-Joachim:<br \/>Sieben Land- und T\u00fcrkensteuerregister von Eckartsberga in Th\u00fcringen 1497 \u2013 1565\/69. Neustadt\/Aisch 1972.<br \/>ISBN 3 7686 4006 X. 79 S.<\/p>\n<p><strong>Band 1<\/strong><br \/>Kolb, Ingeborg:<br \/>Das Spandauer B\u00fcrgerbuch von 1600 bis 1734 und die Spandauer Neub\u00fcrgerliste von 1579 bis 1596. Neustadt\/Aisch 1971.<br \/>ISBN 3 7686 4000 0. 124 S.<\/p>\n","protected":false},"excerpt":{"rendered":"<p>Band 87: K\u00fchne, Wilfried: Buchdrucker, Buchbinder, Buchh\u00e4ndler und Verleger in Erfurt vom Ende des 15. Jahrhunderts bis ins 19. Jahrhundert. Bearbeitet und mit Anmerkungen und Registern versehen von Peter J\u00fcrgen Klippstein. Marburg\/Lahn 2025 ISBN 978-3-937230-45-0. 174 S. Band 86: Kriependorf,<\/p>\n","protected":false},"author":1,"featured_media":0,"parent":0,"menu_order":4,"comment_status":"closed","ping_status":"closed","template":"template-fullwidth.php","meta":{"footnotes":""},"class_list":["post-72","page","type-page","status-publish","hentry"],"_links":{"self":[{"href":"https:\/\/stiftung-stoye.org\/index.php?rest_route=\/wp\/v2\/pages\/72","targetHints":{"allow":["GET"]}}],"collection":[{"href":"https:\/\/stiftung-stoye.org\/index.php?rest_route=\/wp\/v2\/pages"}],"about":[{"href":"https:\/\/stiftung-stoye.org\/index.php?rest_route=\/wp\/v2\/types\/page"}],"author":[{"embeddable":true,"href":"https:\/\/stiftung-stoye.org\/index.php?rest_route=\/wp\/v2\/users\/1"}],"replies":[{"embeddable":true,"href":"https:\/\/stiftung-stoye.org\/index.php?rest_route=%2Fwp%2Fv2%2Fcomments&post=72"}],"version-history":[{"count":93,"href":"https:\/\/stiftung-stoye.org\/index.php?rest_route=\/wp\/v2\/pages\/72\/revisions"}],"predecessor-version":[{"id":500,"href":"https:\/\/stiftung-stoye.org\/index.php?rest_route=\/wp\/v2\/pages\/72\/revisions\/500"}],"wp:attachment":[{"href":"https:\/\/stiftung-stoye.org\/index.php?rest_route=%2Fwp%2Fv2%2Fmedia&parent=72"}],"curies":[{"name":"wp","href":"https:\/\/api.w.org\/{rel}","templated":true}]}}