{"id":27,"date":"2013-08-22T10:22:41","date_gmt":"2013-08-22T10:22:41","guid":{"rendered":"http:\/\/stiftung-stoye.org\/?page_id=27"},"modified":"2019-06-08T21:12:41","modified_gmt":"2019-06-08T21:12:41","slug":"hinweise","status":"publish","type":"page","link":"https:\/\/stiftung-stoye.org\/?page_id=27","title":{"rendered":"Hinweise"},"content":{"rendered":"<p><span style=\"font-family: georgia,palatino; font-size: 18px;\">Die Arbeit der Stiftung konzentriert sich im allgemeinen auf die Edition genealogisch nutzbarer Quellen, um die Erfassung von Geschlechtern aus dem mitteldeutschen Raum zu erm\u00f6glichen. <\/span><\/p>\n<p><span style=\"font-family: georgia,palatino; font-size: 18px;\">Antr\u00e4ge f\u00fcr Ver\u00f6ffentlichungen sind schriftlich einzureichen. Dazu geh\u00f6rt insbesondere ein Expos\u00e9 \u00fcber den Inhalt, einige Musterseiten sowie Angaben zur Person des Verfassers.<\/span><\/p>\n<p><span style=\"font-family: georgia,palatino; font-size: 18px;\">Die Manuskripte sind im Falle der positiven Vorpr\u00fcfung mit einem g\u00e4ngigen Textverarbeitungsprogramm zu schreiben (in den Formaten *.doc, *.rtf oder *.sxw, andere Formate nach Absprache) und als CD mit einem Ausdruck an den Vorstand der Stiftung zu senden.<\/span><\/p>\n<p><span style=\"font-family: georgia,palatino; font-size: 18px;\">Hier k\u00f6nnen Sie sich die Hinweise als <a href=\"http:\/\/stiftung-stoye.org\/wp-content\/uploads\/2019\/06\/Richtlinienf\u00fcrdieEinreichungvonManuskripten.pdf\">pdf-Datei<\/a> herunterladen.\u00a0<\/span><\/p>\n","protected":false},"excerpt":{"rendered":"<p>Die Arbeit der Stiftung konzentriert sich im allgemeinen auf die Edition genealogisch nutzbarer Quellen, um die Erfassung von Geschlechtern aus dem mitteldeutschen Raum zu erm\u00f6glichen. Antr\u00e4ge f\u00fcr Ver\u00f6ffentlichungen sind schriftlich einzureichen. Dazu geh\u00f6rt insbesondere ein Expos\u00e9 \u00fcber den Inhalt, einige<\/p>\n","protected":false},"author":1,"featured_media":0,"parent":0,"menu_order":3,"comment_status":"closed","ping_status":"closed","template":"","meta":{"footnotes":""},"class_list":["post-27","page","type-page","status-publish","hentry"],"_links":{"self":[{"href":"https:\/\/stiftung-stoye.org\/index.php?rest_route=\/wp\/v2\/pages\/27","targetHints":{"allow":["GET"]}}],"collection":[{"href":"https:\/\/stiftung-stoye.org\/index.php?rest_route=\/wp\/v2\/pages"}],"about":[{"href":"https:\/\/stiftung-stoye.org\/index.php?rest_route=\/wp\/v2\/types\/page"}],"author":[{"embeddable":true,"href":"https:\/\/stiftung-stoye.org\/index.php?rest_route=\/wp\/v2\/users\/1"}],"replies":[{"embeddable":true,"href":"https:\/\/stiftung-stoye.org\/index.php?rest_route=%2Fwp%2Fv2%2Fcomments&post=27"}],"version-history":[{"count":15,"href":"https:\/\/stiftung-stoye.org\/index.php?rest_route=\/wp\/v2\/pages\/27\/revisions"}],"predecessor-version":[{"id":265,"href":"https:\/\/stiftung-stoye.org\/index.php?rest_route=\/wp\/v2\/pages\/27\/revisions\/265"}],"wp:attachment":[{"href":"https:\/\/stiftung-stoye.org\/index.php?rest_route=%2Fwp%2Fv2%2Fmedia&parent=27"}],"curies":[{"name":"wp","href":"https:\/\/api.w.org\/{rel}","templated":true}]}}