{"id":21,"date":"2013-08-22T10:16:55","date_gmt":"2013-08-22T10:16:55","guid":{"rendered":"http:\/\/stiftung-stoye.org\/?page_id=21"},"modified":"2017-04-29T15:17:38","modified_gmt":"2017-04-29T15:17:38","slug":"stiftung","status":"publish","type":"page","link":"https:\/\/stiftung-stoye.org\/?page_id=21","title":{"rendered":"Die Stiftung"},"content":{"rendered":"<p><img loading=\"lazy\" decoding=\"async\" class=\"alignleft size-full wp-image-6\" src=\"http:\/\/stiftung-stoye.org\/wp-content\/uploads\/2011\/12\/stoye.jpg\" alt=\"stoye\" width=\"184\" height=\"267\" srcset=\"https:\/\/stiftung-stoye.org\/wp-content\/uploads\/2011\/12\/stoye.jpg 184w, https:\/\/stiftung-stoye.org\/wp-content\/uploads\/2011\/12\/stoye-172x250.jpg 172w\" sizes=\"auto, (max-width: 184px) 100vw, 184px\" \/><span style=\"font-family: georgia,palatino; font-size: 18px;\">Die Stiftung Stoye, Sitz Marburg, wurde am 12.11.1991 errichtet. Sie ist eine rechtsf\u00e4hige Stiftung des b\u00fcrgerlichen Rechts, in Nachfolge der seit 1971 in der Arbeitsgemeinschaft f\u00fcr mitteldeutsche Familienforschung bestehenden unselbst\u00e4ndigen Stiftung gleichen Namens.<\/span><\/p>\n<p><span style=\"font-family: georgia,palatino; font-size: 18px;\">Die Stiftung wurde durch das testamentarische Verm\u00e4chtnis des Apothekers Rudolf Albert Julius Stoye aus Speyer (26.11.1898 \u2013 3.1.1969) errichtet. Seine Vorfahren waren \u00fcber Jahrhunderte als Bauern und Gutsbesitzer in Anhalt ans\u00e4ssig und durch viele Seitenlinien mit geschichtspr\u00e4genden Familien wie Wendelin, Melanchthon, Cranach, v. Gneisenau oder dem anhaltinischen F\u00fcrstenhaus verbunden, aber auch mit B\u00fcrgern, die f\u00fcr ihre Gemeinwesen Verantwortung \u00fcbernahmen wie Ratsherren- und B\u00fcrgermeisterfamilien in Zerbst, Aschersleben oder Stendal.<\/span><\/p>\n<p><span style=\"font-family: georgia,palatino; font-size: 18px;\">Obwohl bereits sein Vater in Speyer als Apotheker ans\u00e4ssig wurde, verlor er die alte v\u00e4terliche Heimat nicht aus den Augen und widmete sich der Erforschung der famili\u00e4ren Quellen. Er behielt sogar den alten b\u00e4uerlichen Besitz in Pl\u00f6mnitz, der an seine Stiftung \u00fcberging und von ihr 1990 wieder \u00fcbernommen wurde.<\/span><\/p>\n<p><span style=\"font-family: georgia,palatino; font-size: 18px;\">Stoye erlebte die beiden Weltkriege des 20.Jahrhunderts als Soldat; aus dem 2. Weltkrieg kehrte er als Oberstabsapotheker zur\u00fcck. Selbst in diesen Zeiten bem\u00fchte er sich, das von ihm erarbeitete Wissen um die mitteldeutschen und mittelrheinischen Quellen seiner Familie zu bewahren und zu erweitern. Nach \u00fcber 30-j\u00e4hriger genealogischer Forschung begann er Mitte des 20. Jahrhunderts schlie\u00dflich, seine Ergebnisse zu fixieren und bei der Arbeitsgemeinschaft f\u00fcr mitteldeutsche Familienforschung e.V. (damals Sitz Marburg, jetzt Leipzig), der Pf\u00e4lzischen Landesbibliothek in Speyer und an anderer Stelle zu hinterlegen. Mit diesen Arbeiten, die in Band 42 der Schriftenreihe Stoye zusammengefa\u00dft und um Arbeiten anderer Familienforscher erg\u00e4nzt wurden, trug er zum Verst\u00e4ndnis der pers\u00f6nlichen Hintergr\u00fcnde vieler mitteldeutscher bekannter Pers\u00f6nlichkeiten bei.<\/span><\/p>\n<p><span style=\"font-family: georgia,palatino; font-size: 18px;\">Stoye, der selbst keine Familie gegr\u00fcndet hatte, starb kinderlos. Er verf\u00fcgte testamentarisch die Gr\u00fcndung einer Stiftung, die seinen Namen tragen sollte. Er gab ihr die Aufgabe, seine Arbeiten zu pflegen und Weiterf\u00fchrendes zu f\u00f6rdern.<\/span><\/p>\n","protected":false},"excerpt":{"rendered":"<p>Die Stiftung Stoye, Sitz Marburg, wurde am 12.11.1991 errichtet. Sie ist eine rechtsf\u00e4hige Stiftung des b\u00fcrgerlichen Rechts, in Nachfolge der seit 1971 in der Arbeitsgemeinschaft f\u00fcr mitteldeutsche Familienforschung bestehenden unselbst\u00e4ndigen Stiftung gleichen Namens. Die Stiftung wurde durch das testamentarische Verm\u00e4chtnis<\/p>\n","protected":false},"author":1,"featured_media":0,"parent":0,"menu_order":2,"comment_status":"closed","ping_status":"closed","template":"","meta":{"footnotes":""},"class_list":["post-21","page","type-page","status-publish","hentry"],"_links":{"self":[{"href":"https:\/\/stiftung-stoye.org\/index.php?rest_route=\/wp\/v2\/pages\/21","targetHints":{"allow":["GET"]}}],"collection":[{"href":"https:\/\/stiftung-stoye.org\/index.php?rest_route=\/wp\/v2\/pages"}],"about":[{"href":"https:\/\/stiftung-stoye.org\/index.php?rest_route=\/wp\/v2\/types\/page"}],"author":[{"embeddable":true,"href":"https:\/\/stiftung-stoye.org\/index.php?rest_route=\/wp\/v2\/users\/1"}],"replies":[{"embeddable":true,"href":"https:\/\/stiftung-stoye.org\/index.php?rest_route=%2Fwp%2Fv2%2Fcomments&post=21"}],"version-history":[{"count":8,"href":"https:\/\/stiftung-stoye.org\/index.php?rest_route=\/wp\/v2\/pages\/21\/revisions"}],"predecessor-version":[{"id":194,"href":"https:\/\/stiftung-stoye.org\/index.php?rest_route=\/wp\/v2\/pages\/21\/revisions\/194"}],"wp:attachment":[{"href":"https:\/\/stiftung-stoye.org\/index.php?rest_route=%2Fwp%2Fv2%2Fmedia&parent=21"}],"curies":[{"name":"wp","href":"https:\/\/api.w.org\/{rel}","templated":true}]}}