{"id":2,"date":"2011-12-28T11:59:57","date_gmt":"2011-12-28T11:59:57","guid":{"rendered":"http:\/\/stiftung-stoye.org\/?page_id=2"},"modified":"2024-01-23T14:39:19","modified_gmt":"2024-01-23T14:39:19","slug":"home","status":"publish","type":"page","link":"https:\/\/stiftung-stoye.org\/?page_id=2","title":{"rendered":"Home"},"content":{"rendered":"\n<h2 class=\"wp-block-heading\">Die Stiftung Stoye<\/h2>\n\n\n<p>Zweck der Stiftung ist die genealogische Erfassung von Familien und Geschlechtern im\u00a0mittel-\u00a0bzw.\u00a0ostdeutschen\u00a0Raum. Der Stiftungszweck wird vorzugsweise durch eine eigene\u00a0<em>Schriftenreihe<\/em>\u00a0von \u00fcber 75 B\u00e4nden erf\u00fcllt, die seit 1971 erscheint und in der vor allem bisher unver\u00f6ffentlichtes Quellenmaterial ediert wird. In der Reihe erschienen so eine Reihe von\u00a0B\u00fcrgerb\u00fcchern, etwa die der St\u00e4dte\u00a0Spandau,\u00a0Weimar\u00a0und\u00a0Erfurt.<\/p>\n<p><!-- \/wp:post-content --> <!-- wp:paragraph --><\/p>\n<p>Das Schriftgut der Stiftung Stoye, insbesondere Gr\u00fcndungs- und Grundsatzpapiere, Berichte der Kuratoriumssitzungen, Gutachten, Schriftwechsel mit Genealogen und der DAGV sowie Verlagsverhandlungen befindet sich im S\u00e4chsischen Staatsarchiv, Leipzig<\/p>","protected":false},"excerpt":{"rendered":"<p>Die Stiftung Stoye Zweck der Stiftung ist die genealogische Erfassung von Familien und Geschlechtern im\u00a0mittel-\u00a0bzw.\u00a0ostdeutschen\u00a0Raum. Der Stiftungszweck wird vorzugsweise durch eine eigene\u00a0Schriftenreihe\u00a0von \u00fcber 75 B\u00e4nden erf\u00fcllt, die seit 1971 erscheint und in der vor allem bisher unver\u00f6ffentlichtes Quellenmaterial ediert wird.<\/p>\n","protected":false},"author":1,"featured_media":0,"parent":0,"menu_order":0,"comment_status":"closed","ping_status":"closed","template":"template-magazine.php","meta":{"footnotes":""},"class_list":["post-2","page","type-page","status-publish","hentry"],"_links":{"self":[{"href":"https:\/\/stiftung-stoye.org\/index.php?rest_route=\/wp\/v2\/pages\/2","targetHints":{"allow":["GET"]}}],"collection":[{"href":"https:\/\/stiftung-stoye.org\/index.php?rest_route=\/wp\/v2\/pages"}],"about":[{"href":"https:\/\/stiftung-stoye.org\/index.php?rest_route=\/wp\/v2\/types\/page"}],"author":[{"embeddable":true,"href":"https:\/\/stiftung-stoye.org\/index.php?rest_route=\/wp\/v2\/users\/1"}],"replies":[{"embeddable":true,"href":"https:\/\/stiftung-stoye.org\/index.php?rest_route=%2Fwp%2Fv2%2Fcomments&post=2"}],"version-history":[{"count":8,"href":"https:\/\/stiftung-stoye.org\/index.php?rest_route=\/wp\/v2\/pages\/2\/revisions"}],"predecessor-version":[{"id":466,"href":"https:\/\/stiftung-stoye.org\/index.php?rest_route=\/wp\/v2\/pages\/2\/revisions\/466"}],"wp:attachment":[{"href":"https:\/\/stiftung-stoye.org\/index.php?rest_route=%2Fwp%2Fv2%2Fmedia&parent=2"}],"curies":[{"name":"wp","href":"https:\/\/api.w.org\/{rel}","templated":true}]}}